{"id":24,"date":"2016-05-16T21:38:22","date_gmt":"2016-05-16T21:38:22","guid":{"rendered":"http:\/\/deecht.ch\/?page_id=24"},"modified":"2026-03-18T13:57:11","modified_gmt":"2026-03-18T13:57:11","slug":"stamm","status":"publish","type":"page","link":"https:\/\/deecht.ch\/","title":{"rendered":"Pfeifer- und Tambourengruppe"},"content":{"rendered":"<p>Im Februar 1967 wurden <strong>Die Versoffene Deecht<\/strong>\u00a0gegr\u00fcndet. Den eher ungew\u00f6hnlichen Namen verdankt die Clique nicht etwa den Trinkgewohnheiten der Mitglieder, sondern dem Umstand, dass im ersten \u00dcbungslokal bei Kerzenlicht geprobt wurde. Leider sind deren Kerzendochte oft nach kurzer Zeit im fl\u00fcssigen Kerzenwachs \u201eversoffen\u201c&#8230;<\/p>\n<p>&nbsp;<\/p>\n<p><img loading=\"lazy\" decoding=\"async\" class=\"wp-image-155 alignleft\" src=\"http:\/\/deecht.ch\/wp-content\/uploads\/2016\/05\/deecht_logo-300x240.jpg\" alt=\"deecht_logo\" width=\"170\" height=\"136\" srcset=\"https:\/\/deecht.ch\/wp-content\/uploads\/2016\/05\/deecht_logo-300x240.jpg 300w, https:\/\/deecht.ch\/wp-content\/uploads\/2016\/05\/deecht_logo-768x613.jpg 768w, https:\/\/deecht.ch\/wp-content\/uploads\/2016\/05\/deecht_logo-1024x818.jpg 1024w\" sizes=\"auto, (max-width: 170px) 100vw, 170px\" \/>Heutzutage halten wir unsere <strong>\u00dcbungsstunden <\/strong>an den <strong>Mittwoch-Abenden<\/strong> in unserem <a href=\"https:\/\/deecht.ch\/?page_id=72\">Cliquenkeller<\/a> ab.\u00a0Der Keller steht allen Mitgliedern offen und bildet den gesellschaftlichen Knotenpunkt unseres Vereins, in dem so mancher Anlass stattfindet.<\/p>\n<p>&nbsp;<\/p>\n<p><img loading=\"lazy\" decoding=\"async\" class=\"wp-image-32 alignright\" src=\"http:\/\/deecht.ch\/wp-content\/uploads\/2016\/05\/stamm_lampe1-300x173.jpg\" alt=\"stamm_lampe1\" width=\"220\" height=\"127\" srcset=\"https:\/\/deecht.ch\/wp-content\/uploads\/2016\/05\/stamm_lampe1-300x173.jpg 300w, https:\/\/deecht.ch\/wp-content\/uploads\/2016\/05\/stamm_lampe1.jpg 400w\" sizes=\"auto, (max-width: 220px) 100vw, 220px\" \/><\/p>\n<p>Unser\u00a0<strong>Stammlokal<\/strong> ist der <a href=\"https:\/\/www.brauner-mutz-basel.ch\/\" target=\"_blank\" rel=\"noopener noreferrer\">Brauner Mutz<\/a> am Barfi. Dort treffen wir uns an &#8222;\u00fcbungslosen&#8220; Mittwochen zum gem\u00fctlichen Hock an unserem Stammtisch.<\/p>\n<p>&nbsp;<\/p>\n<p>Anl\u00e4sse \/ Termine: <a href=\"https:\/\/deecht.ch\/?page_id=95\">Termine<\/a><\/p>\n<p>&nbsp;<\/p>\n<ul>\n<li>Obmann | <strong>Martin Schilling<\/strong> | N 076 443 95 26 | <a href=\"mailto:schille@bluewin.ch\">schille@bluewin.ch<\/a><\/li>\n<li>Aktuarin | <strong>Moni Leuenberger<\/strong> | N 079 334 21 21 | <a href=\"mailto:info@deecht.ch\">info@deecht.ch<\/a><\/li>\n<\/ul>\n<p>&nbsp;<\/p>\n<p><img loading=\"lazy\" decoding=\"async\" class=\"wp-image-1754 aligncenter\" src=\"http:\/\/deecht.ch\/wp-content\/uploads\/2017\/02\/larve_1-300x200.jpeg\" alt=\"\" width=\"332\" height=\"221\" srcset=\"https:\/\/deecht.ch\/wp-content\/uploads\/2017\/02\/larve_1-300x200.jpeg 300w, https:\/\/deecht.ch\/wp-content\/uploads\/2017\/02\/larve_1-768x512.jpeg 768w, https:\/\/deecht.ch\/wp-content\/uploads\/2017\/02\/larve_1.jpeg 1000w\" sizes=\"auto, (max-width: 332px) 100vw, 332px\" \/><\/p>\n<p>&nbsp;<\/p>\n<p><span class=\"Stil1\"><img loading=\"lazy\" decoding=\"async\" class=\"wp-image-146 alignleft\" src=\"http:\/\/deecht.ch\/wp-content\/uploads\/2016\/05\/dag_logo-198x300.jpg\" alt=\"dag_logo\" width=\"72\" height=\"109\" srcset=\"https:\/\/deecht.ch\/wp-content\/uploads\/2016\/05\/dag_logo-198x300.jpg 198w, https:\/\/deecht.ch\/wp-content\/uploads\/2016\/05\/dag_logo-768x1161.jpg 768w, https:\/\/deecht.ch\/wp-content\/uploads\/2016\/05\/dag_logo-677x1024.jpg 677w, https:\/\/deecht.ch\/wp-content\/uploads\/2016\/05\/dag_logo.jpg 1105w\" sizes=\"auto, (max-width: 72px) 100vw, 72px\" \/><\/span><\/p>\n<p style=\"text-align: left;\">Im Jahr 1993 wurde die <strong>Deecht Alte Garde<\/strong> gegr\u00fcndet, Info&#8217;s: <a href=\"http:\/\/dag.gligge.ch\/\" target=\"_blank\" rel=\"noopener noreferrer\">http:\/\/dag.gligge.ch\/<\/a><\/p>\n","protected":false},"excerpt":{"rendered":"<p>Im Februar 1967 wurden Die Versoffene Deecht\u00a0gegr\u00fcndet. Den eher ungew\u00f6hnlichen Namen verdankt die Clique nicht etwa den Trinkgewohnheiten der Mitglieder, sondern dem Umstand, dass im ersten \u00dcbungslokal bei Kerzenlicht geprobt wurde. Leider sind deren Kerzendochte oft nach kurzer Zeit im fl\u00fcssigen Kerzenwachs \u201eversoffen\u201c&#8230; &nbsp; Heutzutage halten wir unsere \u00dcbungsstunden an den Mittwoch-Abenden in unserem Cliquenkeller &#8230;<\/p>\n","protected":false},"author":2,"featured_media":0,"parent":0,"menu_order":1,"comment_status":"closed","ping_status":"closed","template":"","meta":{"jetpack_post_was_ever_published":false,"footnotes":""},"class_list":["post-24","page","type-page","status-publish","hentry"],"jetpack_sharing_enabled":true,"jetpack_shortlink":"https:\/\/wp.me\/PaRrpQ-o","_links":{"self":[{"href":"https:\/\/deecht.ch\/index.php?rest_route=\/wp\/v2\/pages\/24","targetHints":{"allow":["GET"]}}],"collection":[{"href":"https:\/\/deecht.ch\/index.php?rest_route=\/wp\/v2\/pages"}],"about":[{"href":"https:\/\/deecht.ch\/index.php?rest_route=\/wp\/v2\/types\/page"}],"author":[{"embeddable":true,"href":"https:\/\/deecht.ch\/index.php?rest_route=\/wp\/v2\/users\/2"}],"replies":[{"embeddable":true,"href":"https:\/\/deecht.ch\/index.php?rest_route=%2Fwp%2Fv2%2Fcomments&post=24"}],"version-history":[{"count":68,"href":"https:\/\/deecht.ch\/index.php?rest_route=\/wp\/v2\/pages\/24\/revisions"}],"predecessor-version":[{"id":3739,"href":"https:\/\/deecht.ch\/index.php?rest_route=\/wp\/v2\/pages\/24\/revisions\/3739"}],"wp:attachment":[{"href":"https:\/\/deecht.ch\/index.php?rest_route=%2Fwp%2Fv2%2Fmedia&parent=24"}],"curies":[{"name":"wp","href":"https:\/\/api.w.org\/{rel}","templated":true}]}}